{"id":69,"date":"2024-11-03T12:30:21","date_gmt":"2024-11-03T12:30:21","guid":{"rendered":"https:\/\/eurosalesman.it\/front-page\/"},"modified":"2025-02-25T15:46:47","modified_gmt":"2025-02-25T15:46:47","slug":"front-page","status":"publish","type":"page","link":"https:\/\/eurosalesman.it\/es\/","title":{"rendered":"Front Page"},"content":{"rendered":"<div data-elementor-type=\"wp-page\" data-elementor-id=\"69\" class=\"elementor elementor-69\" data-elementor-post-type=\"page\">\n\t\t\t\t<div class=\"elementor-element elementor-element-13fe3afd e-con-full e-flex e-con e-parent\" data-id=\"13fe3afd\" data-element_type=\"container\" data-e-type=\"container\" data-settings=\"{&quot;background_background&quot;:&quot;classic&quot;}\">\n\t\t<div class=\"elementor-element elementor-element-4889cd5d e-con-full e-flex e-con e-child\" data-id=\"4889cd5d\" data-element_type=\"container\" data-e-type=\"container\">\n\t\t\t\t<div class=\"elementor-element elementor-element-6f974cd elementor-widget__width-inherit elementor-widget-divider--view-line elementor-invisible elementor-widget elementor-widget-divider\" data-id=\"6f974cd\" data-element_type=\"widget\" data-e-type=\"widget\" data-settings=\"{&quot;_animation&quot;:&quot;fadeInLeft&quot;}\" data-widget_type=\"divider.default\">\n\t\t\t\t<div class=\"elementor-widget-container\">\n\t\t\t\t\t\t\t<div class=\"elementor-divider\">\n\t\t\t<span class=\"elementor-divider-separator\">\n\t\t\t\t\t\t<\/span>\n\t\t<\/div>\n\t\t\t\t\t\t<\/div>\n\t\t\t\t<\/div>\n\t\t\t\t<div class=\"elementor-element elementor-element-40b0b15c elementor-widget__width-initial elementor-widget-tablet__width-inherit elementor-widget elementor-widget-heading\" data-id=\"40b0b15c\" data-element_type=\"widget\" data-e-type=\"widget\" data-widget_type=\"heading.default\">\n\t\t\t\t<div class=\"elementor-widget-container\">\n\t\t\t\t\t<h1 class=\"elementor-heading-title elementor-size-default\">Italia - \u00a1Exp\u00e1ndase en un mercado de cultura, innovaci\u00f3n y oportunidades!<\/h1>\t\t\t\t<\/div>\n\t\t\t\t<\/div>\n\t\t\t\t<div class=\"elementor-element elementor-element-2fd51a9b elementor-widget__width-initial elementor-widget-tablet__width-inherit elementor-widget elementor-widget-text-editor\" data-id=\"2fd51a9b\" data-element_type=\"widget\" data-e-type=\"widget\" data-widget_type=\"text-editor.default\">\n\t\t\t\t<div class=\"elementor-widget-container\">\n\t\t\t\t\t\t\t\t\t<p>\u00a0<\/p><p>La diversa econom\u00eda italiana, su rico patrimonio cultural y su posici\u00f3n estrat\u00e9gica en el sur de Europa ofrecen oportunidades \u00fanicas a las empresas que buscan crecer en un mercado influyente y vibrante.<\/p>\t\t\t\t\t\t\t\t<\/div>\n\t\t\t\t<\/div>\n\t\t\t\t<\/div>\n\t\t\t\t<\/div>\n\t\t<div class=\"elementor-element elementor-element-25b488c e-con-full e-flex e-con e-parent\" data-id=\"25b488c\" data-element_type=\"container\" data-e-type=\"container\">\n\t\t<div class=\"elementor-element elementor-element-8632523 e-con-full e-flex e-con e-child\" data-id=\"8632523\" data-element_type=\"container\" data-e-type=\"container\">\n\t\t\t\t<div class=\"elementor-element elementor-element-89b56a5 elementor-widget__width-inherit elementor-widget-divider--view-line elementor-invisible elementor-widget elementor-widget-divider\" data-id=\"89b56a5\" data-element_type=\"widget\" data-e-type=\"widget\" data-settings=\"{&quot;_animation&quot;:&quot;fadeInLeft&quot;}\" data-widget_type=\"divider.default\">\n\t\t\t\t<div class=\"elementor-widget-container\">\n\t\t\t\t\t\t\t<div class=\"elementor-divider\">\n\t\t\t<span class=\"elementor-divider-separator\">\n\t\t\t\t\t\t<\/span>\n\t\t<\/div>\n\t\t\t\t\t\t<\/div>\n\t\t\t\t<\/div>\n\t\t\t\t<div class=\"elementor-element elementor-element-c18c679 elementor-widget__width-initial elementor-widget-tablet__width-inherit elementor-widget elementor-widget-heading\" data-id=\"c18c679\" data-element_type=\"widget\" data-e-type=\"widget\" data-widget_type=\"heading.default\">\n\t\t\t\t<div class=\"elementor-widget-container\">\n\t\t\t\t\t<h2 class=\"elementor-heading-title elementor-size-default\">Anuncios destacados<\/h2>\t\t\t\t<\/div>\n\t\t\t\t<\/div>\n\t\t\t\t<div class=\"elementor-element elementor-element-142e9c19 elementor-widget__width-initial elementor-widget-tablet__width-inherit elementor-widget elementor-widget-text-editor\" data-id=\"142e9c19\" data-element_type=\"widget\" data-e-type=\"widget\" data-widget_type=\"text-editor.default\">\n\t\t\t\t<div class=\"elementor-widget-container\">\n\t\t\t\t\t\t\t\t\t<p>A continuaci\u00f3n figuran las empresas que han optado por exponer sus marcas en Italia, aprovechando el excepcional potencial de crecimiento y las ventajas estrat\u00e9gicas que ofrece este renombrado mercado.<\/p>\t\t\t\t\t\t\t\t<\/div>\n\t\t\t\t<\/div>\n\t\t\t\t<\/div>\n\t\t<div class=\"elementor-element elementor-element-08c9526 e-con-full e-flex e-con e-child\" data-id=\"08c9526\" data-element_type=\"container\" data-e-type=\"container\">\n\t\t\t\t<div class=\"elementor-element elementor-element-247a11a elementor-widget__width-inherit elementor-widget elementor-widget-shortcode\" data-id=\"247a11a\" data-element_type=\"widget\" data-e-type=\"widget\" data-widget_type=\"shortcode.default\">\n\t\t\t\t<div class=\"elementor-widget-container\">\n\t\t\t\t\t\t\t<div class=\"elementor-shortcode\"><div class=\"myplugin-site-posts-filter\"><form method=\"get\" action=\"\"><label for=\"category-filter\">Filtrar por categor\u00eda:<\/label> <select id=\"category-filter\" name=\"category\" onchange=\"this.form.submit()\"><option value=\"\">Todas las categor\u00edas<\/option><option value=\"professional-services\" >Servicios profesionales<\/option><option value=\"technology-innovation\" >Tecnolog\u00eda e innovaci\u00f3n<\/option><option value=\"retail-e-commerce\" >Venta al por menor y comercio electr\u00f3nico<\/option><option value=\"health-wellness\" >Salud y bienestar<\/option><option value=\"construction-real-estate\" >Construcci\u00f3n e inmobiliaria<\/option><option value=\"finance-insurance\" >Finanzas y seguros<\/option><option value=\"education-training\" >Educaci\u00f3n y formaci\u00f3n<\/option><option value=\"logistics-manufacturing\" >Log\u00edstica y fabricaci\u00f3n<\/option><\/select><input type=\"hidden\" name=\"trp-form-language\" value=\"es\"\/><\/form><\/div><div class=\"myplugin-site-posts\"><p>No se han encontrado entradas para esta categor\u00eda.<\/p><\/div><\/div>\n\t\t\t\t\t\t<\/div>\n\t\t\t\t<\/div>\n\t\t\t\t<\/div>\n\t\t\t\t<\/div>\n\t\t<div class=\"elementor-element elementor-element-1d0e29b7 e-con-full e-flex e-con e-parent\" data-id=\"1d0e29b7\" data-element_type=\"container\" data-e-type=\"container\" data-settings=\"{&quot;background_background&quot;:&quot;classic&quot;}\">\n\t\t<div class=\"elementor-element elementor-element-69df4861 e-con-full e-flex e-con e-child\" data-id=\"69df4861\" data-element_type=\"container\" data-e-type=\"container\">\n\t\t\t\t<div class=\"elementor-element elementor-element-5ceb7117 elementor-invisible elementor-widget elementor-widget-heading\" data-id=\"5ceb7117\" data-element_type=\"widget\" data-e-type=\"widget\" data-settings=\"{&quot;_animation&quot;:&quot;fadeIn&quot;}\" data-widget_type=\"heading.default\">\n\t\t\t\t<div class=\"elementor-widget-container\">\n\t\t\t\t\t<h2 class=\"elementor-heading-title elementor-size-default\">\u00bfQuiere impulsar su negocio hoy mismo?<\/h2>\t\t\t\t<\/div>\n\t\t\t\t<\/div>\n\t\t\t\t<div class=\"elementor-element elementor-element-4ba88f8 elementor-widget elementor-widget-text-editor\" data-id=\"4ba88f8\" data-element_type=\"widget\" data-e-type=\"widget\" data-settings=\"{&quot;_animation&quot;:&quot;none&quot;}\" data-widget_type=\"text-editor.default\">\n\t\t\t\t<div class=\"elementor-widget-container\">\n\t\t\t\t\t\t\t\t\t<p>P\u00f3ngase en contacto con nosotros hoy mismo para obtener m\u00e1s informaci\u00f3n sobre c\u00f3mo podemos ayudarle a alcanzar sus objetivos de marketing con precisi\u00f3n y confianza.<\/p>\t\t\t\t\t\t\t\t<\/div>\n\t\t\t\t<\/div>\n\t\t\t\t<div class=\"elementor-element elementor-element-705de85b elementor-align-justify elementor-widget__width-initial elementor-widget elementor-widget-button\" data-id=\"705de85b\" data-element_type=\"widget\" data-e-type=\"widget\" data-widget_type=\"button.default\">\n\t\t\t\t<div class=\"elementor-widget-container\">\n\t\t\t\t\t\t\t\t\t<div class=\"elementor-button-wrapper\">\n\t\t\t\t\t<a class=\"elementor-button elementor-size-sm\" role=\"button\">\n\t\t\t\t\t\t<span class=\"elementor-button-content-wrapper\">\n\t\t\t\t\t\t\t\t\t<span class=\"elementor-button-text\">Contacto<\/span>\n\t\t\t\t\t<\/span>\n\t\t\t\t\t<\/a>\n\t\t\t\t<\/div>\n\t\t\t\t\t\t\t\t<\/div>\n\t\t\t\t<\/div>\n\t\t\t\t<\/div>\n\t\t<div class=\"elementor-element elementor-element-3d26a195 e-con-full e-flex e-con e-child\" data-id=\"3d26a195\" data-element_type=\"container\" data-e-type=\"container\" data-settings=\"{&quot;background_background&quot;:&quot;classic&quot;}\">\n\t\t\t\t<\/div>\n\t\t\t\t<\/div>\n\t\t\t\t<\/div>","protected":false},"excerpt":{"rendered":"<p>Italy &#8211; Expand in a Market of Culture, Innovation, and Opportunity! \u00a0 Italy\u2019s diverse economy, rich cultural heritage, and strategic position in Southern Europe offer unique opportunities for businesses looking to grow in an influential and vibrant market. Featured Ads Below are the companies that have chosen to showcase their brands in Italy, taking advantage [&hellip;]<\/p>","protected":false},"author":3,"featured_media":0,"parent":0,"menu_order":0,"comment_status":"closed","ping_status":"closed","template":"elementor_header_footer","meta":{"footnotes":""},"class_list":["post-69","page","type-page","status-publish","hentry"],"_links":{"self":[{"href":"https:\/\/eurosalesman.it\/es\/wp-json\/wp\/v2\/pages\/69","targetHints":{"allow":["GET"]}}],"collection":[{"href":"https:\/\/eurosalesman.it\/es\/wp-json\/wp\/v2\/pages"}],"about":[{"href":"https:\/\/eurosalesman.it\/es\/wp-json\/wp\/v2\/types\/page"}],"author":[{"embeddable":true,"href":"https:\/\/eurosalesman.it\/es\/wp-json\/wp\/v2\/users\/3"}],"replies":[{"embeddable":true,"href":"https:\/\/eurosalesman.it\/es\/wp-json\/wp\/v2\/comments?post=69"}],"version-history":[{"count":13,"href":"https:\/\/eurosalesman.it\/es\/wp-json\/wp\/v2\/pages\/69\/revisions"}],"predecessor-version":[{"id":145,"href":"https:\/\/eurosalesman.it\/es\/wp-json\/wp\/v2\/pages\/69\/revisions\/145"}],"wp:attachment":[{"href":"https:\/\/eurosalesman.it\/es\/wp-json\/wp\/v2\/media?parent=69"}],"curies":[{"name":"wp","href":"https:\/\/api.w.org\/{rel}","templated":true}]}}