{"id":69,"date":"2024-11-03T12:30:21","date_gmt":"2024-11-03T12:30:21","guid":{"rendered":"https:\/\/eurosalesman.it\/front-page\/"},"modified":"2025-02-25T15:46:47","modified_gmt":"2025-02-25T15:46:47","slug":"front-page","status":"publish","type":"page","link":"https:\/\/eurosalesman.it\/fr\/","title":{"rendered":"Front Page"},"content":{"rendered":"<div data-elementor-type=\"wp-page\" data-elementor-id=\"69\" class=\"elementor elementor-69\" data-elementor-post-type=\"page\">\n\t\t\t\t<div class=\"elementor-element elementor-element-13fe3afd e-con-full e-flex e-con e-parent\" data-id=\"13fe3afd\" data-element_type=\"container\" data-e-type=\"container\" data-settings=\"{&quot;background_background&quot;:&quot;classic&quot;}\">\n\t\t<div class=\"elementor-element elementor-element-4889cd5d e-con-full e-flex e-con e-child\" data-id=\"4889cd5d\" data-element_type=\"container\" data-e-type=\"container\">\n\t\t\t\t<div class=\"elementor-element elementor-element-6f974cd elementor-widget__width-inherit elementor-widget-divider--view-line elementor-invisible elementor-widget elementor-widget-divider\" data-id=\"6f974cd\" data-element_type=\"widget\" data-e-type=\"widget\" data-settings=\"{&quot;_animation&quot;:&quot;fadeInLeft&quot;}\" data-widget_type=\"divider.default\">\n\t\t\t\t<div class=\"elementor-widget-container\">\n\t\t\t\t\t\t\t<div class=\"elementor-divider\">\n\t\t\t<span class=\"elementor-divider-separator\">\n\t\t\t\t\t\t<\/span>\n\t\t<\/div>\n\t\t\t\t\t\t<\/div>\n\t\t\t\t<\/div>\n\t\t\t\t<div class=\"elementor-element elementor-element-40b0b15c elementor-widget__width-initial elementor-widget-tablet__width-inherit elementor-widget elementor-widget-heading\" data-id=\"40b0b15c\" data-element_type=\"widget\" data-e-type=\"widget\" data-widget_type=\"heading.default\">\n\t\t\t\t<div class=\"elementor-widget-container\">\n\t\t\t\t\t<h1 class=\"elementor-heading-title elementor-size-default\">Italie - D\u00e9veloppez vos activit\u00e9s dans un march\u00e9 de culture, d'innovation et d'opportunit\u00e9s !<\/h1>\t\t\t\t<\/div>\n\t\t\t\t<\/div>\n\t\t\t\t<div class=\"elementor-element elementor-element-2fd51a9b elementor-widget__width-initial elementor-widget-tablet__width-inherit elementor-widget elementor-widget-text-editor\" data-id=\"2fd51a9b\" data-element_type=\"widget\" data-e-type=\"widget\" data-widget_type=\"text-editor.default\">\n\t\t\t\t<div class=\"elementor-widget-container\">\n\t\t\t\t\t\t\t\t\t<p>\u00a0<\/p><p>La diversit\u00e9 de l'\u00e9conomie italienne, la richesse de son patrimoine culturel et sa position strat\u00e9gique dans le sud de l'Europe offrent des opportunit\u00e9s uniques aux entreprises d\u00e9sireuses de se d\u00e9velopper sur un march\u00e9 influent et dynamique.<\/p>\t\t\t\t\t\t\t\t<\/div>\n\t\t\t\t<\/div>\n\t\t\t\t<\/div>\n\t\t\t\t<\/div>\n\t\t<div class=\"elementor-element elementor-element-25b488c e-con-full e-flex e-con e-parent\" data-id=\"25b488c\" data-element_type=\"container\" data-e-type=\"container\">\n\t\t<div class=\"elementor-element elementor-element-8632523 e-con-full e-flex e-con e-child\" data-id=\"8632523\" data-element_type=\"container\" data-e-type=\"container\">\n\t\t\t\t<div class=\"elementor-element elementor-element-89b56a5 elementor-widget__width-inherit elementor-widget-divider--view-line elementor-invisible elementor-widget elementor-widget-divider\" data-id=\"89b56a5\" data-element_type=\"widget\" data-e-type=\"widget\" data-settings=\"{&quot;_animation&quot;:&quot;fadeInLeft&quot;}\" data-widget_type=\"divider.default\">\n\t\t\t\t<div class=\"elementor-widget-container\">\n\t\t\t\t\t\t\t<div class=\"elementor-divider\">\n\t\t\t<span class=\"elementor-divider-separator\">\n\t\t\t\t\t\t<\/span>\n\t\t<\/div>\n\t\t\t\t\t\t<\/div>\n\t\t\t\t<\/div>\n\t\t\t\t<div class=\"elementor-element elementor-element-c18c679 elementor-widget__width-initial elementor-widget-tablet__width-inherit elementor-widget elementor-widget-heading\" data-id=\"c18c679\" data-element_type=\"widget\" data-e-type=\"widget\" data-widget_type=\"heading.default\">\n\t\t\t\t<div class=\"elementor-widget-container\">\n\t\t\t\t\t<h2 class=\"elementor-heading-title elementor-size-default\">Annonces en vedette<\/h2>\t\t\t\t<\/div>\n\t\t\t\t<\/div>\n\t\t\t\t<div class=\"elementor-element elementor-element-142e9c19 elementor-widget__width-initial elementor-widget-tablet__width-inherit elementor-widget elementor-widget-text-editor\" data-id=\"142e9c19\" data-element_type=\"widget\" data-e-type=\"widget\" data-widget_type=\"text-editor.default\">\n\t\t\t\t<div class=\"elementor-widget-container\">\n\t\t\t\t\t\t\t\t\t<p>Voici les entreprises qui ont choisi de pr\u00e9senter leurs marques en Italie, profitant du potentiel de croissance exceptionnel et des avantages strat\u00e9giques qu'offre ce march\u00e9 renomm\u00e9.<\/p>\t\t\t\t\t\t\t\t<\/div>\n\t\t\t\t<\/div>\n\t\t\t\t<\/div>\n\t\t<div class=\"elementor-element elementor-element-08c9526 e-con-full e-flex e-con e-child\" data-id=\"08c9526\" data-element_type=\"container\" data-e-type=\"container\">\n\t\t\t\t<div class=\"elementor-element elementor-element-247a11a elementor-widget__width-inherit elementor-widget elementor-widget-shortcode\" data-id=\"247a11a\" data-element_type=\"widget\" data-e-type=\"widget\" data-widget_type=\"shortcode.default\">\n\t\t\t\t<div class=\"elementor-widget-container\">\n\t\t\t\t\t\t\t<div class=\"elementor-shortcode\"><div class=\"myplugin-site-posts-filter\"><form method=\"get\" action=\"\"><label for=\"category-filter\">Filtrer par cat\u00e9gorie :<\/label> <select id=\"category-filter\" name=\"category\" onchange=\"this.form.submit()\"><option value=\"\">Toutes les cat\u00e9gories<\/option><option value=\"professional-services\" >Services professionnels<\/option><option value=\"technology-innovation\" >Technologie et innovation<\/option><option value=\"retail-e-commerce\" >Commerce de d\u00e9tail et commerce \u00e9lectronique<\/option><option value=\"health-wellness\" >Sant\u00e9 et bien-\u00eatre<\/option><option value=\"construction-real-estate\" >Construction et immobilier<\/option><option value=\"finance-insurance\" >Finance et assurance<\/option><option value=\"education-training\" >\u00c9ducation et formation<\/option><option value=\"logistics-manufacturing\" >Logistique et fabrication<\/option><\/select><input type=\"hidden\" name=\"trp-form-language\" value=\"fr\"\/><\/form><\/div><div class=\"myplugin-site-posts\"><p>Aucun poste n'a \u00e9t\u00e9 trouv\u00e9 pour cette cat\u00e9gorie.<\/p><\/div><\/div>\n\t\t\t\t\t\t<\/div>\n\t\t\t\t<\/div>\n\t\t\t\t<\/div>\n\t\t\t\t<\/div>\n\t\t<div class=\"elementor-element elementor-element-1d0e29b7 e-con-full e-flex e-con e-parent\" data-id=\"1d0e29b7\" data-element_type=\"container\" data-e-type=\"container\" data-settings=\"{&quot;background_background&quot;:&quot;classic&quot;}\">\n\t\t<div class=\"elementor-element elementor-element-69df4861 e-con-full e-flex e-con e-child\" data-id=\"69df4861\" data-element_type=\"container\" data-e-type=\"container\">\n\t\t\t\t<div class=\"elementor-element elementor-element-5ceb7117 elementor-invisible elementor-widget elementor-widget-heading\" data-id=\"5ceb7117\" data-element_type=\"widget\" data-e-type=\"widget\" data-settings=\"{&quot;_animation&quot;:&quot;fadeIn&quot;}\" data-widget_type=\"heading.default\">\n\t\t\t\t<div class=\"elementor-widget-container\">\n\t\t\t\t\t<h2 class=\"elementor-heading-title elementor-size-default\">Vous voulez donner un coup de fouet \u00e0 votre entreprise d\u00e8s aujourd'hui ?<\/h2>\t\t\t\t<\/div>\n\t\t\t\t<\/div>\n\t\t\t\t<div class=\"elementor-element elementor-element-4ba88f8 elementor-widget elementor-widget-text-editor\" data-id=\"4ba88f8\" data-element_type=\"widget\" data-e-type=\"widget\" data-settings=\"{&quot;_animation&quot;:&quot;none&quot;}\" data-widget_type=\"text-editor.default\">\n\t\t\t\t<div class=\"elementor-widget-container\">\n\t\t\t\t\t\t\t\t\t<p>Contactez-nous d\u00e8s aujourd'hui pour savoir comment nous pouvons vous aider \u00e0 atteindre vos objectifs marketing avec pr\u00e9cision et confiance.<\/p>\t\t\t\t\t\t\t\t<\/div>\n\t\t\t\t<\/div>\n\t\t\t\t<div class=\"elementor-element elementor-element-705de85b elementor-align-justify elementor-widget__width-initial elementor-widget elementor-widget-button\" data-id=\"705de85b\" data-element_type=\"widget\" data-e-type=\"widget\" data-widget_type=\"button.default\">\n\t\t\t\t<div class=\"elementor-widget-container\">\n\t\t\t\t\t\t\t\t\t<div class=\"elementor-button-wrapper\">\n\t\t\t\t\t<a class=\"elementor-button elementor-size-sm\" role=\"button\">\n\t\t\t\t\t\t<span class=\"elementor-button-content-wrapper\">\n\t\t\t\t\t\t\t\t\t<span class=\"elementor-button-text\">nous contacter<\/span>\n\t\t\t\t\t<\/span>\n\t\t\t\t\t<\/a>\n\t\t\t\t<\/div>\n\t\t\t\t\t\t\t\t<\/div>\n\t\t\t\t<\/div>\n\t\t\t\t<\/div>\n\t\t<div class=\"elementor-element elementor-element-3d26a195 e-con-full e-flex e-con e-child\" data-id=\"3d26a195\" data-element_type=\"container\" data-e-type=\"container\" data-settings=\"{&quot;background_background&quot;:&quot;classic&quot;}\">\n\t\t\t\t<\/div>\n\t\t\t\t<\/div>\n\t\t\t\t<\/div>","protected":false},"excerpt":{"rendered":"<p>Italy &#8211; Expand in a Market of Culture, Innovation, and Opportunity! \u00a0 Italy\u2019s diverse economy, rich cultural heritage, and strategic position in Southern Europe offer unique opportunities for businesses looking to grow in an influential and vibrant market. Featured Ads Below are the companies that have chosen to showcase their brands in Italy, taking advantage [&hellip;]<\/p>","protected":false},"author":3,"featured_media":0,"parent":0,"menu_order":0,"comment_status":"closed","ping_status":"closed","template":"elementor_header_footer","meta":{"footnotes":""},"class_list":["post-69","page","type-page","status-publish","hentry"],"_links":{"self":[{"href":"https:\/\/eurosalesman.it\/fr\/wp-json\/wp\/v2\/pages\/69","targetHints":{"allow":["GET"]}}],"collection":[{"href":"https:\/\/eurosalesman.it\/fr\/wp-json\/wp\/v2\/pages"}],"about":[{"href":"https:\/\/eurosalesman.it\/fr\/wp-json\/wp\/v2\/types\/page"}],"author":[{"embeddable":true,"href":"https:\/\/eurosalesman.it\/fr\/wp-json\/wp\/v2\/users\/3"}],"replies":[{"embeddable":true,"href":"https:\/\/eurosalesman.it\/fr\/wp-json\/wp\/v2\/comments?post=69"}],"version-history":[{"count":13,"href":"https:\/\/eurosalesman.it\/fr\/wp-json\/wp\/v2\/pages\/69\/revisions"}],"predecessor-version":[{"id":145,"href":"https:\/\/eurosalesman.it\/fr\/wp-json\/wp\/v2\/pages\/69\/revisions\/145"}],"wp:attachment":[{"href":"https:\/\/eurosalesman.it\/fr\/wp-json\/wp\/v2\/media?parent=69"}],"curies":[{"name":"wp","href":"https:\/\/api.w.org\/{rel}","templated":true}]}}